{"id":529,"date":"2016-07-06T10:44:30","date_gmt":"2016-07-06T08:44:30","guid":{"rendered":"http:\/\/www.sdg.org.pl\/wordpress\/?page_id=529"},"modified":"2016-07-06T10:44:30","modified_gmt":"2016-07-06T08:44:30","slug":"pre-historia","status":"publish","type":"page","link":"https:\/\/www.sdg.org.pl\/index.php\/pre-historia\/","title":{"rendered":"Pre-historia"},"content":{"rendered":"<p class=\"TRESC\" style=\"text-align: justify;\">My\u015bl o za\u0142o\u017ceniu Klubu zrodzi\u0142a si\u0119 w czasie wsp\u00f3lnych wyjazd\u00f3w grupy instruktor\u00f3w ZHP na teren Jury Krakowsko &#8211; Cz\u0119stochowskiej. Inicjatorem wycieczek by\u0142 Xawey G\u00f3ral, student Politechniki Cz\u0119stochowskiej i ju\u017c w\u00f3wczas cz\u0142onek Speleoklubu dzia\u0142aj\u0105cego na terenie tego\u017c miasta. Wyjazdy mia\u0142y charakter turystyczny a ich g\u0142\u00f3wnym celem by\u0142o zwiedzanie \u0142atwo dostepnych jaski\u0144 Jury.<\/p>\n<p class=\"TRESC\" style=\"text-align: justify;\">2 listopada 1969 odby\u0142o sie pierwsze nieoficjalne zebranie zebranie za\u0142ozycielskie Klubu. Wyst\u0105piono do Zarz\u0105du Oddzia\u0142u PTTK w D\u0105browie G\u00f3rniczej z propozycj\u0105 powo\u0142ania do \u017cycia Komisji Speleologii przy Zarz\u0105dzie Oddzia\u0142u, a nast\u0119pnie Okregowej Komisji Speleologii przy Zarz\u0105dzie Wojew\u00f3dzkim w Katowicach. W czasie oczekiwania na odg\u00f3rne decyzje, organizowano wyjazdy i prelekcje szkoleniowe (m.in. &#8222;Maraton Jaskinowy&#8221; organizowany przez Speleoklub Cz\u0119stochowa w Olsztynie). 21.12.1969 roku odby\u0142o si\u0119 uroczyste zebranie za\u0142ozycielskie i zarazem wyborcze Speleklubu D\u0105browa G\u00f3rnicza w lokalu Zarz\u0105du Oddzia\u0142u PTTK.<\/p>\n<p class=\"TRESC\" style=\"text-align: justify;\">Pierwszym prezesem Klubu zosta\u0142 Roman Borecki a jego zast\u0119pc\u0105 Xawery G\u00f3ral. Do roku 1972 dzia\u0142alno\u015b\u0107 Klubu ogranicza\u0142a si\u0119 do teren\u00f3w Jury. Jesieni\u0105 1973 roku pojawi\u0142a si\u0119 liczna grupa m\u0142odych, pe\u0142nych zapa\u0142u ludzi. Latem 1974 roku 20 osobowa grupa bierze udzia\u0142 w Og\u00f3lnopolskim Obozie Speleologicznym oraganizowanym przez Okregow\u0105 Komisj\u0119 Speleologii w Katowicach. Wynikiem dzia\u0142alno\u015bci by\u0142o poznanie przez naszych cz\u0142onk\u00f3w ponad 20 jaski\u0144, w tym J.\u015anieznej (do -300), J.Ptasiej, J.Wlk.Litworowej, J.Czarnej, J.Ba\u0144dzioch itp. Od tego czasu dzia\u0142alno\u015b\u0107 jaskiniowa i wspinaczkowa przenosi si\u0119 w rejon Tatr Polskich.<\/p>\n<p class=\"TRESC\" style=\"text-align: justify;\">Rok 1976 przynosi pierwsze wyjazdy za granic\u0119. W lipcu czterech cz\u0142onk\u00f3w poznaje wspinaczkowe tereny okolic Bach Schandau w Saskiej Szwajcarii na zaproszenie klubu Locomotiv Hoyerswerda.<\/p>\n<p class=\"TRESC\" style=\"text-align: justify;\">W sierpniu bior\u0105 udzia\u0142 w mi\u0119dzynarodowym obozie speleologicznym w Letrasteto w G\u00f3rach Bukowych k. Miskolca. Plonem tego wyjazdu s\u0105 przej\u015bcia jaski\u0144:<\/p>\n<ul>\n<li>Istvan &#8211; Lapai &#8211; Barlang &#8211; 220m g\u0142.<\/li>\n<li>Letras &#8211; Tetoi &#8211; Barlang &#8211; 165m g\u0142. 2000m d\u0142.<\/li>\n<li>Kis &#8211; Kohati &#8211; Zsomboly &#8211; 110m<\/li>\n<li>Letrasi &#8211; Vizes &#8211; Barlang &#8211; 2000m d\u0142.<\/li>\n<li>Kiraly zsomboly &#8211; 60m<\/li>\n<li>Forasz Barlang &#8211; 500m d\u0142.<\/li>\n<li>Kidroczky Barlang &#8211; 1000m d\u0142.<\/li>\n<li>Lusta &#8211; Volgy Barlang &#8211; 700m d\u0142.<\/li>\n<li>Lengyel Barlang &#8211; jaskinia Polak\u00f3w &#8211; 160m d\u0142. (odkryta przez Z.Biernackiego i Lanera Olvera w 1968r)<\/li>\n<li>Lusta &#8211; Volgy Barlang &#8211; 50m g\u0142.<\/li>\n<\/ul>\n<p class=\"TRESC\" style=\"text-align: justify;\">Uczestnicy wyprawy wzi\u0119li te\u017c udzia\u0142 w eksploracji nowo odkrytej jaskini Lusta &#8211; Volgy Barlang.<\/p>\n<p class=\"TRESC\" style=\"text-align: justify;\">W czasie zimowego obozu w Tatrach dokonano trzeciego przej\u015bcia Jaskini Ptasiej zim\u0105 przez Pr\u00f3g Mu\u0142owy. W rok 1977 Speleoklub wkroczy\u0142 maj\u0105c 23 cz\u0142onk\u00f3w. Pod kierownictwem Jerzego S\u0142awi\u0144skiego 12 uczestnik\u00f3w zagranicznej wyprawy przesz\u0142o 12 ciekawszych i najg\u0142\u0119bszych jaski\u0144 Czechos\u0142owacji, W\u0119gier, Bu\u0142garii i Rumunii.<\/p>\n<p class=\"TRESC\" style=\"text-align: justify;\">W zwi\u0105zku z odci\u0119ciem dotacji ze strony PTTK Klub zacz\u0105\u0142 prowadzi\u0107 us\u0142ugowe prace wysoko\u015bciowe w ramach FASM. Jesieni\u0105 tego\u017c roku utworzono Zag\u0142\u0119biowski Klub Taternictwa Jakiniowego w kt\u00f3rego sk\u0142ad wesz\u0142y sekcje: SC D\u0105browa G\u00f3rnicza, SC Sosnowiec i AKS Sosnowiec.<\/p>\n<p class=\"TRESC\" style=\"text-align: justify;\">Rok 1978 obfitowa\u0142 w d\u0142ugie wyjazdy zagraniczne:<\/p>\n<ul>\n<li>Turcja &#8211; kier. J.S\u0142awi\u0144ski, 14 os\u00f3b<\/li>\n<li>Rumunia &#8211; kier. J,Brudny, 12 os\u00f3b<\/li>\n<li>Austria Hohkonig &#8211; 2 osoby bior\u0105ce udzia\u0142 w centralnej wyprawie<\/li>\n<\/ul>\n<p class=\"TRESC\" style=\"text-align: justify;\">Kontynuacja wyjazd\u00f3w zagranicznych przynosi w roku 1979 wyprawy:<\/p>\n<ul>\n<li>Grecja &#8211; kier. M.W\u0142osek, 8 os\u00f3b, przej\u015bcie Epos Chasm<\/li>\n<li>Spitssbergen &#8211; kier. S.Misztal, 5 os\u00f3b, eksploracja jaski\u0144 lodowych<\/li>\n<li>Rumunia &#8211; kier. A.Chru\u015bciel, 10 os\u00f3b, G\u00f3ry Bihor<\/li>\n<\/ul>\n<p class=\"TRESC\" style=\"text-align: justify;\">Rok &#8217;79 zamkni\u0119to z liczb\u0105 47 cz\u0142onk\u00f3w, w tym 5 zwyczajnych, 11 samodzielnych i 12 kandydat\u00f3w. G\u00f3ry Bihor w Rumunii odwiedzi\u0142a r\u00f3wnie\u017c wyprawa naszego Klubu w roku 1980, m.in. eksploruj\u0105c jaskini\u0119 Hodobanei. Opr\u00f3cz nieustaj\u0105cej dzia\u0142alno\u015bci tatrza\u0144skiej cz\u0142onk\u00f3w SDG, J.Zygmunt wzi\u0105\u0142 udzia\u0142 w centarlnej wyprawie KTJ PZA do Gouffre J.Bernard. W lipcu klubowym Starem &#8222;\u017cabusia&#8221; na wypraw\u0119 KKTJ-ZKTJ do Hiszpanii i Francji wyjechali: W.Matejuk, W.Por\u0119bski, M.W\u0142osek i J.Zygmunt. Koledzy dzia\u0142ali w jaskiniach: Sima GESM, Sima Honda i Gouffre Berger. Wszyscy uczestnicy osi\u0105gneli dna obu ponad 1000 metrowych jaski\u0144. W sierpniu A.Chru\u015bciel w ramach centralnej wyprawy KTJ PZA eksplorowa\u0142 jaskinie Platteneck i Bierloch, a L.Romanek wraz z grup\u0105 zawiercia\u0144sk\u0105 odwiedzi\u0142 J.Baraz Dalas na Silickiej Planinie. W marcu tego\u017c roku Z.Chru\u015bciel i K.Burzawa (AKS) przebywa\u0142y na Starej P\u0142aninie i Witoszy przechodz\u0105c jaskinie Pepelianka, E\u0142a i Duch\u0142a.<\/p>\n<p class=\"TRESC\" style=\"text-align: justify;\">W roku 1981 w masywie Mont Canin (Alpy Julijskie) dzia\u0142a\u0142a grupa: A. i Z.Chru\u015bcielowie, M.i Cz.Liberowie, M. i P.W\u0142oskowie, A.Por\u0119bski, K.Koza, D.Pi\u0119tak, E.Romanek. Eksploracja jugos\u0142owia\u0144skiej cz\u0119\u015bci plateau Canin przynios\u0142a plon w postaci wielu aven\u00f3w, kt\u00f3rych zbadanie do ko\u0144ca uniemo\u017cliwi\u0142y warunki atmosferyczne (m.in. J.Mala Boka). Uczestnicy wyprawy przeszli r\u00f3wnie\u017c Abisso Mario Novelli. W tym samym roku W.Matejuk, G.Ku\u015bpiel i I.Pietracha dzia\u0142ali w g\u00f3rach Bihor a K.Koza i W.Por\u0119bski wytyczyli now\u0105, skrajnie trudn\u0105 drog\u0119 na Raptawickiej Turni. Speleoklub D\u0105browa G\u00f3rnicza organizowa\u0142 r\u00f3wnie\u017c tego\u017c roku Speleokonfrontacje w schronisku na Szyndzielni.<\/p>\n<p class=\"TRESC\" style=\"text-align: justify;\">W czerwcu 1982 roku zorganizowano w Podzamczu I zawody ZKTJ w konkurencjach jaskiniowych. W roku 1983 otrzymali\u015bmy nowy lokal klubowy na ulicy Majakowskiego 9. Walne zebranie 10 marca 1983r po 6 latach istnienia rozwi\u0105za\u0142o Zag\u0142\u0119biowski Klub Taternictwa Jaskiniowego. KTJ PZA powierzy\u0142a nam w\u00f3wczas organizacj\u0119 dw\u00f3ch oboz\u00f3w og\u00f3lnopolskich: unifikacyjnego i ratownictwa jaskiniowego. W ramach Mi\u0119dzynarodowej Konferencji Ratownictwa Jaskiniowego w Aggtelek na W\u0119grzech W.Por\u0119bski i M.W\u0142osek przeszli J.Vacsembukki (2).<\/p>\n<p class=\"TRESC\" style=\"text-align: justify;\">Kolejny, 1984 rok pomimo braku du\u017cej letniej wyprawy obfitowa\u0142 w wyjazdy zagraniczne m.in. Speleoforum &#8211; Morawski Kras, G\u00f3ry Bukowe (jask. Kis Kohati zsomboly, Szeleti zsomboly, Istvan Lapai zsomboly, Almasi i Meteor), w ramach centralnej wyprawy KTJ PZA eksploracja Jagerbrunntrogsystem (3) (A.Chru\u015bciel), Silicka Planina i Plasivecka Planina (Ma\u0142a Bikva, Wielka Bikva, Krusevska, Ardowska, Dzwonnica, Baraz Dalas, Krasnohorska, Wielki \u017comboj), W.Por\u0119bski go\u015bcinnie na wyprawie STJ W-wa do W\u0142och (wspinaczka na Torre Grande w Dolomitach, jaskinie Pozzo della Neve, Abisso Figher, Antro del Corchia (4), treking himalajski (M.W\u0142osek), Turcja &#8211; wapienne wybrze\u017ce okolic Antalaja (5), Moravski Kras (jaskinie Dama Pik, 13, Spiralka Pikova). Opr\u00f3cz dzia\u0142alno\u015bci tatrza\u0144skiej na uwag\u0119 zas\u0142uguj\u0105 r\u00f3wnie\u017c eksploracyjne wyjazdy do J.Nied\u017awiedziej w Sudetach na zaproszenie gospodarzy, w czasie kt\u00f3rych badano dolne partie jaskini wykonuj\u0105c m.in. dokumantacj\u0119 geologiczn\u0105.<\/p>\n<p class=\"TRESC\" style=\"text-align: justify;\">Rok 1985 utrwala tendencje poprzednich lat, przynosz\u0105c szereg wyjazd\u00f3w zgranicznych: Monte Cucco (Z.A.Chru\u015bcielowie, A.M.W\u0142oskowie)(6), Silicka Planina (Krasnohorska, Krusevska, Baraz Dalas) (7), treking himalajski (J.Kope\u0107 &#8211; dolin\u0105 Pokhary pod Annapurn\u0119 Pd. (8), g\u00f3ry Matese (na zaproszenie Circolo Speleologico Romano &#8211; Pozzo dela Neve, eksploracja w Campo Braga i Pozzo Gusano (9), wspinaczki w bu\u0142garskim rejonie Vratzata (A.Delewski, D.Pi\u0119tak, J.Kope\u0107) (10), treking himalajski (A.Zborowski i R.Stocki).<\/p>\n<p class=\"TRESC\" style=\"text-align: justify;\">Model dzia\u0142alno\u015bci tatrza\u0144skiej i r\u00f3wnolegle prowadzonej dzia\u0142alno\u015bci zagranicznej panowa\u0142 r\u00f3wnie\u017c w 1986 roku. Odnotowano w\u00f3wczas: trekingi himalajskie (wok\u00f3\u0142 Annapurny &#8211; J.S\u0142awi\u0144ski, dol. Khali Ghandaki i Moeli Khola &#8211; E.D.Pi\u0119takowie, G.Por\u0119bska, J.Kope\u0107, wok\u00f3\u0142 Everestu &#8211; A.W\u0142osek, B.Laskowska, R.Stocki), udzia\u0142 A.Chru\u015bciela w wyprawie KTJ PZA do J.Lamprechtsofen, kierownictwo Z.Chru\u015bciel wyprawy FAKS do Jugos\u0142awii &#8222;ORIEN 86&#8221;, wyprawa w g\u00f3ry Matese (nowy rejon klubowy) oraz klubowa wyprawa do Afryki P\u00f3\u0142nocnej &#8222;Maghreb 86&#8221;.<\/p>\n<p class=\"TRESC\" style=\"text-align: justify;\">Cdn.<\/p>\n<p>Literatura:<\/p>\n<p class=\"TRESC\" style=\"text-align: justify;\">(1) BIS 5\/86 s.46-69<br \/>\n(2) Meander 7\/83 s.50; BIS 3\/85 s.26; BIS 4\/85 s.29,45<br \/>\n(3) Maenader 10\/85 s.41; BIS 4\/85 s.29; BIS 3\/85 s.46<br \/>\n(4) Taternik 2\/84 s.79; BIS 4\/85 s.30,46; BIS 3.85 s.31<br \/>\n(5) BIS 3\/85 s.12, BIS 4\/85 s.30<br \/>\n(6) BIS 4\/85 s.30,36<br \/>\n(7) BIS 4\/85 s.21<br \/>\n(8) BIS 4\/85 s.30,24<br \/>\n(9) BIS 4\/85 s.30,48<br \/>\n(10) BIS 4\/85 s.3,4,31<\/p>\n<p class=\"TRESC\" style=\"text-align: justify;\">\n<p class=\"TRESC\" style=\"text-align: justify;\">\n<ol>\n<li>1980, SDG, KKTJ\n<ul>\n<li>Gouffre Berger, Sima GESM, Hiszpania, Francja, k-A.Ciszewski, pierwsze przejcie 2 jaski\u0144 tysi\u0105przej?cie w czasie jednej wyprawy. (z SDG udzia\u0142 wzi\u0119li: W.Por\u0119bski, W.Matejuk, M.W\u0142osek,)<\/li>\n<\/ul>\n<\/li>\n<li>1981, SDG\n<ul>\n<li>Alpy Julijskie, Cannin, Mala Boka, Abisso Mario Novelli, W\u0142ochy-Slovenia, Alek Chru\u015bciel; eksploracja g\u0142\u00f3wnie powierzchniowa (obecnie w masywie tym znajduj\u0105 sie 4 jaskinie przekraczaj\u0105ce 1000m g\u0142\u0119boko\u015bci)<\/li>\n<\/ul>\n<\/li>\n<li>1985, SDG&lt;\n<ul>\n<li>Apeniny Abruzzi, Pozzo della Neve, W\u0142ochy, k-Zosia Chru?ciel, rozpoznanie Pozzo do p\u00f3\u017cniejszej eksploracji<\/li>\n<\/ul>\n<\/li>\n<li>1986-87, SDG\n<ul>\n<li>Matese, Pozzo della Neve &#8211; 1051, k-M.W\u0142osek, w wyniku exploracji pokonano szczeline ko\u0144cowa, co otworzy\u0142o drog\u0119 do przekroczenia 1000 m deniwelacji przez dw\u00f3jk\u0119 w\u0142osk\u0105 w 1988 roku. (tym samym zesp\u00f3\u0142 polski zako\u0144czy\u0142 kilkuletni\u0105 dzia\u0142alno\u015b\u0107 w Pozzo i skierowa\u0142 swoje si\u0142y do le\u017c\u0105?\u0107 w Pozzo i skierowa\u0142 swoje si\u0142y Bove).<\/li>\n<\/ul>\n<\/li>\n<li>1985-90, Centralne\n<ul>\n<li>Lamprechtsofen, Alpy Salzburskie, udzia\u0142 A.Chru?ciela w Centralnych wyprawach eksploracyjnych KTJ, znaczny wk\u0142ad w odkrycia w najwy\u017cszej jaskini wiata (w r\u00f3\u017cnych konfiguracjach w Lampo dzia\u0142ali te\u017c: W.Por\u0119bski, D.Pi\u0119tak, A.Pajda, W.Wowro)<\/li>\n<\/ul>\n<\/li>\n<li>1986, SDG\n<ul>\n<li>Maghreb, Pierre Saint Martin -1342m, Francja, Maroko, Algieria, Tunezja, k-K.Koza, trawersowanie PSM (Pi\u0119tak, Koza, Libera M., Por\u0119bski A.), eksploracja djebel Rizas &#8211; Tunezia, nowe drogi wspinaczkowe w Atlasie<\/li>\n<\/ul>\n<\/li>\n<li>1987, SDG\n<ul>\n<li>PSM -1342m, Pireneje Atlantyckie, k-A.Chru\u015bciel, zaawansowana pr\u00f3ba pierwszego przej?cia integralnego PSM &#8211; nieudana (pogoda), 3 zejcie do dna systemu &#8211; przez tunel EDF(W.Por\u0119bski, J.Maj, D.Pi\u0119tak, M.Libera), zapor\u0119czowano g\u0142\u00f3wny ci\u0105g jaskini, \u017caden jednak zesp\u00f3\u0142 nie zdo\u0142a\u0142 jej przej\u0107 w ca\u0142oci, eksploracja powierzchniowa &#8211; wynik pozytymny &#8211; jednak dzia\u0142alno\u015bci tej nie kontynuowano w latach nast\u0119 &#8211;<\/li>\n<\/ul>\n<\/li>\n<li>1989, 1990, SDG\n<ul>\n<li>Abisso Klondike, Austri\/Wlochy, A.Kamnickie, lato k-A.Por\u0119bski, zima k-D.Pi\u0119tak, eksploracja jaskini Klondike, wynik negatywny, eksploracja powierzchniowa<\/li>\n<\/ul>\n<\/li>\n<li>1989, SDG\n<ul>\n<li>Cul di Bove -906 Apeniny Abruzzia\u0144skie, W\u0142ochy, k-W\u0142odek 'Rower&#8217; Matejuk, osi\u0105gni\u0119cie g\u0142\u0119boko\u015bci poni\u017cej 900m w wyniku exploracji od poziomu -550 przez samodzielny zesp\u00f3\u0142 w sk\u0142boko?ci poni\u017cejW.Matejuk, P.W\u0142osek, D.Pi\u0119tak, A.Por\u0119bski) (pierwsze Srebrne Medale Za Wybitne Osi\u0105gni\u0119cia Sportowe w naszym klubie!)<\/li>\n<\/ul>\n<\/li>\n<li>1989, Aven &#8211; Sosnowiec\n<ul>\n<li>Gouffre Jean Bernard -1602m, Alpy Wysokie, Savoie Francja, k-Waldek Mucha, przejcia systemu, wejscia nowym, najwy\u017cszym otworem C-3, udzia\u0142 D. Pi\u0119taka w przejciu najg\u0142\u0119, przej?cia systemu,<\/li>\n<\/ul>\n<\/li>\n<li>1993, SDG\n<ul>\n<li>Abisso Olivifer -1210, Apuany, W\u0142ochy, k-D.Pi\u0119tak, M.W\u0142osek, przejcie sportowe systemu, 9 os\u00f3, przej?cie sportowe<\/li>\n<\/ul>\n<\/li>\n<li>1994, SDG, Aven-Sosnowiec\n<ul>\n<li>Pierre Saint Martin -1342, Gouffre Soudet -1160, Pireneje Atlantyckie, k-D.Pi\u0119tak, g\u0142\u0119bokie trawersy PSM-M31-Bassaburuko Lecia, G.Soudet &#8211; Kongelateur, 3 przej?cie integralne G.Soudet, exploracja Kongelateur.<\/li>\n<\/ul>\n<\/li>\n<li>1995, 1995\/96, Aven Sosnowiec\n<ul>\n<li>Mt.Cannin, Abisso Mornig, k-W.Kasprzyk, po\u0142\u0105czenie systemu z Abisso Comici, eksploracja partii angielskich (kilometry nowych ci\u0105g\u00f3w) (r\u00f3wnie\u017c wyprawa zimowa z kontynuacj\u0105 exploracji, w obu wyprawach uczestniczyli czlonkowie SDG: M.Kozie\u0142, G.Badurski, D.Ka\u0142u\u017ca, K.Derejczyk, D.Pi\u0119tak, J.Radka)<\/li>\n<\/ul>\n<\/li>\n<li>1996, SDG\n<ul>\n<li>Albania, wyprawa 'rozpoznawcza&#8217;, k. G.Badurski<\/li>\n<\/ul>\n<\/li>\n<li>1997, SDG\n<ul>\n<li>Cul di Bove, Abruzzi, ponowne przejcie jaskini, eksploracja partii ko\u0144cowych, (syfon Kochanych Ch\u0142opc\u00f3w)<\/li>\n<\/ul>\n<\/li>\n<\/ol>\n<p>** je\u015bli idzie o sk\u0142ad osobowy, to w wi\u0119kszo\u015bci wypraw brali udzia\u0142: M.W\u0142osek, P.W\u0142osek, D.Pi\u0119tak, W.Por\u0119bski, A.Por\u0119bski, K.Koza, W.Wowro, Cz.Libera, M.Libera, J.S\u0142awi\u0144ski, A.Suchanowski, M.Kozie\u0142, T.Gorgo\u0144, GiR. Bryzik, WiD. Matejuk, J.Radke, Doc.Badurski, R.Ziarnowski i kupa wspania\u0142ych speleolog\u00f3w, kt\u00f3rych nie spos\u00f3b wymieni\u0107 w tej chwili.<\/p>\n<p>*** Bibliografia: Imprezy zagraniczne w tabelach; W.Por\u0119bski, w BIS 4,5,6,7; Taternik 80-92, materia\u0142y w\u0142asne, sprawozdania z wypraw-biblioteka SDG. Materia\u0142y ikonograficzne dotycz\u0105ce poszczeg\u00f3lnych rejon\u00f3w dzia\u0142alno\u015bci znajduj\u0105 si\u0119 w posiadaniu kierownik\u00f3w.<\/p>\n","protected":false},"excerpt":{"rendered":"<p>My\u015bl o za\u0142o\u017ceniu Klubu zrodzi\u0142a si\u0119 w czasie wsp\u00f3lnych wyjazd\u00f3w grupy instruktor\u00f3w ZHP na teren Jury Krakowsko &#8211; Cz\u0119stochowskiej. Inicjatorem wycieczek by\u0142 Xawey G\u00f3ral, student Politechniki Cz\u0119stochowskiej i ju\u017c w\u00f3wczas cz\u0142onek Speleoklubu dzia\u0142aj\u0105cego na terenie tego\u017c miasta. Wyjazdy mia\u0142y charakter turystyczny a ich g\u0142\u00f3wnym celem by\u0142o zwiedzanie \u0142atwo dostepnych jaski\u0144 Jury. 2 listopada 1969 odby\u0142o sie pierwsze nieoficjalne zebranie zebranie [&hellip;]<\/p>\n","protected":false},"author":2,"featured_media":0,"parent":0,"menu_order":0,"comment_status":"closed","ping_status":"closed","template":"","meta":{"footnotes":""},"class_list":["post-529","page","type-page","status-publish","hentry","clearfix"],"_links":{"self":[{"href":"https:\/\/www.sdg.org.pl\/index.php\/wp-json\/wp\/v2\/pages\/529","targetHints":{"allow":["GET"]}}],"collection":[{"href":"https:\/\/www.sdg.org.pl\/index.php\/wp-json\/wp\/v2\/pages"}],"about":[{"href":"https:\/\/www.sdg.org.pl\/index.php\/wp-json\/wp\/v2\/types\/page"}],"author":[{"embeddable":true,"href":"https:\/\/www.sdg.org.pl\/index.php\/wp-json\/wp\/v2\/users\/2"}],"replies":[{"embeddable":true,"href":"https:\/\/www.sdg.org.pl\/index.php\/wp-json\/wp\/v2\/comments?post=529"}],"version-history":[{"count":1,"href":"https:\/\/www.sdg.org.pl\/index.php\/wp-json\/wp\/v2\/pages\/529\/revisions"}],"predecessor-version":[{"id":531,"href":"https:\/\/www.sdg.org.pl\/index.php\/wp-json\/wp\/v2\/pages\/529\/revisions\/531"}],"wp:attachment":[{"href":"https:\/\/www.sdg.org.pl\/index.php\/wp-json\/wp\/v2\/media?parent=529"}],"curies":[{"name":"wp","href":"https:\/\/api.w.org\/{rel}","templated":true}]}}