{"id":546,"date":"2016-07-06T10:57:45","date_gmt":"2016-07-06T08:57:45","guid":{"rendered":"http:\/\/www.sdg.org.pl\/wordpress\/?page_id=546"},"modified":"2016-07-06T10:57:45","modified_gmt":"2016-07-06T08:57:45","slug":"o-klubie","status":"publish","type":"page","link":"https:\/\/www.sdg.org.pl\/index.php\/o-klubie\/","title":{"rendered":"O klubie"},"content":{"rendered":"<p>Speleoklub D\u0105browa G\u00f3rnicza to klub zrzeszaj\u0105cy groto\u0142az\u00f3w, dzia\u0142aj\u0105cy od 1969 roku w ramach Polskiego Zwi\u0105zku Alpinizmu.<\/p>\n<p>Celem naszej dzia\u0142alno\u015bci jest:<\/p>\n<p>&#8211;\u00a0 prowadzenie dzia\u0142alno\u015bci sportowej, naukowej, edukacyjnej i innej, s\u0142u\u017c\u0105cej poznawaniu jaski\u0144, rejon\u00f3w jaskiniowych, g\u00f3r i rejon\u00f3w wspinaczkowych w Polsce i na \u015bwiecie;<\/p>\n<p>&#8211; inicjowanie i prowadzenie dzia\u0142a\u0144 s\u0142u\u017c\u0105cych popularyzacji wiedzy o g\u00f3rach, jaskiniach, a tak\u017ce wszelkich sportach i innej dzia\u0142alno\u015bci tam uprawianej;<\/p>\n<p>&#8211; propagowanie aktywnego wypoczynku;<\/p>\n<p>&#8211; propagowanie kultury i bezpiecze\u0144stwa uprawiania dzia\u0142alno\u015bci g\u00f3rskiej oraz zasad ochrony przyrody;<\/p>\n<p>Mamy w naszych szeregach dziesi\u0119ciu instruktor\u00f3w i wyk\u0142adowc\u00f3w, kt\u00f3rych do\u015bwiadczenie potwierdzone zosta\u0142o przez nadane uprawnienia Polskiego Zwi\u0105zku Alpinizmu.<\/p>\n","protected":false},"excerpt":{"rendered":"<p>Speleoklub D\u0105browa G\u00f3rnicza to klub zrzeszaj\u0105cy groto\u0142az\u00f3w, dzia\u0142aj\u0105cy od 1969 roku w ramach Polskiego Zwi\u0105zku Alpinizmu. Celem naszej dzia\u0142alno\u015bci jest: &#8211;\u00a0 prowadzenie dzia\u0142alno\u015bci sportowej, naukowej, edukacyjnej i innej, s\u0142u\u017c\u0105cej poznawaniu jaski\u0144, rejon\u00f3w jaskiniowych, g\u00f3r i rejon\u00f3w wspinaczkowych w Polsce i na \u015bwiecie; &#8211; inicjowanie i prowadzenie dzia\u0142a\u0144 s\u0142u\u017c\u0105cych popularyzacji wiedzy o g\u00f3rach, jaskiniach, a tak\u017ce wszelkich sportach i innej dzia\u0142alno\u015bci [&hellip;]<\/p>\n","protected":false},"author":2,"featured_media":0,"parent":0,"menu_order":0,"comment_status":"closed","ping_status":"closed","template":"","meta":{"footnotes":""},"class_list":["post-546","page","type-page","status-publish","hentry","clearfix"],"_links":{"self":[{"href":"https:\/\/www.sdg.org.pl\/index.php\/wp-json\/wp\/v2\/pages\/546","targetHints":{"allow":["GET"]}}],"collection":[{"href":"https:\/\/www.sdg.org.pl\/index.php\/wp-json\/wp\/v2\/pages"}],"about":[{"href":"https:\/\/www.sdg.org.pl\/index.php\/wp-json\/wp\/v2\/types\/page"}],"author":[{"embeddable":true,"href":"https:\/\/www.sdg.org.pl\/index.php\/wp-json\/wp\/v2\/users\/2"}],"replies":[{"embeddable":true,"href":"https:\/\/www.sdg.org.pl\/index.php\/wp-json\/wp\/v2\/comments?post=546"}],"version-history":[{"count":1,"href":"https:\/\/www.sdg.org.pl\/index.php\/wp-json\/wp\/v2\/pages\/546\/revisions"}],"predecessor-version":[{"id":547,"href":"https:\/\/www.sdg.org.pl\/index.php\/wp-json\/wp\/v2\/pages\/546\/revisions\/547"}],"wp:attachment":[{"href":"https:\/\/www.sdg.org.pl\/index.php\/wp-json\/wp\/v2\/media?parent=546"}],"curies":[{"name":"wp","href":"https:\/\/api.w.org\/{rel}","templated":true}]}}